{"id":1205,"date":"2021-08-25T11:37:19","date_gmt":"2021-08-25T11:37:19","guid":{"rendered":"https:\/\/mystery.eu\/?page_id=1205"},"modified":"2025-07-18T09:40:37","modified_gmt":"2025-07-18T09:40:37","slug":"1205-2","status":"publish","type":"page","link":"https:\/\/www.mystery.eu\/index.php\/1205-2\/","title":{"rendered":"Impressum"},"content":{"rendered":"<p><div class=\"fusion-fullwidth fullwidth-box fusion-builder-row-1 fusion-flex-container nonhundred-percent-fullwidth non-hundred-percent-height-scrolling\" style=\"background-color: rgba(255,255,255,0);background-position: center center;background-repeat: no-repeat;border-width: 0px 0px 0px 0px;border-color:#eae9e9;border-style:solid;\" ><div class=\"fusion-builder-row fusion-row fusion-flex-align-items-flex-start\" style=\"max-width:1216.8px;margin-left: calc(-4% \/ 2 );margin-right: calc(-4% \/ 2 );\"><div class=\"fusion-layout-column fusion_builder_column fusion-builder-column-0 fusion_builder_column_1_1 1_1 fusion-flex-column\"><div class=\"fusion-column-wrapper fusion-flex-justify-content-flex-start fusion-content-layout-column\" style=\"background-position:left top;background-repeat:no-repeat;-webkit-background-size:cover;-moz-background-size:cover;-o-background-size:cover;background-size:cover;padding: 0px 0px 0px 0px;\"><div ><span class=\" fusion-imageframe imageframe-none imageframe-1 hover-type-none\" style=\"max-width:100%;\"><a class=\"fusion-no-lightbox\" href=\"https:\/\/mystery.eu\/\" target=\"_self\" aria-label=\"mystery_head\"><img decoding=\"async\" width=\"1200\" height=\"402\" src=\"https:\/\/www.mystery.eu\/wp-content\/uploads\/2021\/08\/mystery_head.jpg\" data-orig-src=\"https:\/\/mystery.eu\/wp-content\/uploads\/2021\/08\/mystery_head.jpg\" class=\"lazyload img-responsive wp-image-1210\" srcset=\"data:image\/svg+xml,%3Csvg%20xmlns%3D%27http%3A%2F%2Fwww.w3.org%2F2000%2Fsvg%27%20width%3D%271200%27%20height%3D%27402%27%20viewBox%3D%270%200%201200%20402%27%3E%3Crect%20width%3D%271200%27%20height%3D%27402%27%20fill-opacity%3D%220%22%2F%3E%3C%2Fsvg%3E\" data-srcset=\"https:\/\/www.mystery.eu\/wp-content\/uploads\/2021\/08\/mystery_head-200x67.jpg 200w, https:\/\/www.mystery.eu\/wp-content\/uploads\/2021\/08\/mystery_head-400x134.jpg 400w, https:\/\/www.mystery.eu\/wp-content\/uploads\/2021\/08\/mystery_head-600x201.jpg 600w, https:\/\/www.mystery.eu\/wp-content\/uploads\/2021\/08\/mystery_head-800x268.jpg 800w, https:\/\/www.mystery.eu\/wp-content\/uploads\/2021\/08\/mystery_head.jpg 1200w\" data-sizes=\"auto\" data-orig-sizes=\"(max-width: 1024px) 100vw, (max-width: 640px) 100vw, 1200px\" \/><\/a><\/span><\/div><\/div><style type=\"text\/css\">.fusion-body .fusion-builder-column-0{width:100% !important;margin-top : 0px;margin-bottom : 0px;}.fusion-builder-column-0 > .fusion-column-wrapper {padding-top : 0px !important;padding-right : 0px !important;margin-right : 1.92%;padding-bottom : 0px !important;padding-left : 0px !important;margin-left : 1.92%;}@media only screen and (max-width:1024px) {.fusion-body .fusion-builder-column-0{width:100% !important;order : 0;}.fusion-builder-column-0 > .fusion-column-wrapper {margin-right : 1.92%;margin-left : 1.92%;}}@media only screen and (max-width:640px) {.fusion-body .fusion-builder-column-0{width:100% !important;order : 0;}.fusion-builder-column-0 > .fusion-column-wrapper {margin-right : 1.92%;margin-left : 1.92%;}}<\/style><\/div><\/div><style type=\"text\/css\">.fusion-body .fusion-flex-container.fusion-builder-row-1{ padding-top : 0px;margin-top : 0px;padding-right : 0px;padding-bottom : 0px;margin-bottom : 5%;padding-left : 0px;}<\/style><\/div>\n<div class=\"fusion-fullwidth fullwidth-box fusion-builder-row-2 fusion-flex-container nonhundred-percent-fullwidth non-hundred-percent-height-scrolling\" style=\"background-color: rgba(255,255,255,0);background-position: center center;background-repeat: no-repeat;border-width: 0px 0px 0px 0px;border-color:#eae9e9;border-style:solid;\" ><div class=\"fusion-builder-row fusion-row fusion-flex-align-items-flex-start\" style=\"max-width:1216.8px;margin-left: calc(-4% \/ 2 );margin-right: calc(-4% \/ 2 );\"><div class=\"fusion-layout-column fusion_builder_column fusion-builder-column-1 fusion_builder_column_1_1 1_1 fusion-flex-column\"><div class=\"fusion-column-wrapper fusion-flex-justify-content-flex-start fusion-content-layout-column\" style=\"background-position:left top;background-repeat:no-repeat;-webkit-background-size:cover;-moz-background-size:cover;-o-background-size:cover;background-size:cover;padding: 0px 0px 0px 0px;\"><style type=\"text\/css\">@media only screen and (max-width:1024px) {.fusion-title.fusion-title-1{margin-top:24px!important; margin-right:0px!important;margin-bottom:24px!important;margin-left:0px!important;}}@media only screen and (max-width:640px) {.fusion-title.fusion-title-1{margin-top:20px!important; margin-right:0px!important;margin-bottom:20px!important; margin-left:0px!important;}}<\/style><div class=\"fusion-title title fusion-title-1 fusion-sep-none fusion-title-text fusion-title-size-two\" style=\"margin-top:24px;margin-right:0px;margin-bottom:24px;margin-left:0px;\"><h2 class=\"title-heading-left fusion-responsive-typography-calculated\" style=\"margin:0;--fontSize:40;line-height:1.75;\"><p class=\"headline fusion-responsive-typography-calculated\" data-fontsize=\"40\" data-lineheight=\"60px\">Impressum<\/p><\/h2><\/div><style type=\"text\/css\">@media only screen and (max-width:1024px) {.fusion-title.fusion-title-2{margin-top:24px!important; margin-right:0px!important;margin-bottom:24px!important;margin-left:0px!important;}}@media only screen and (max-width:640px) {.fusion-title.fusion-title-2{margin-top:20px!important; margin-right:0px!important;margin-bottom:20px!important; margin-left:0px!important;}}<\/style><div class=\"fusion-title title fusion-title-2 fusion-sep-none fusion-title-text fusion-title-size-four\" style=\"margin-top:24px;margin-right:0px;margin-bottom:24px;margin-left:0px;\"><h4 class=\"title-heading-left fusion-responsive-typography-calculated\" style=\"margin:0;--fontSize:25;line-height:1.5;\"><p class=\"fusion-responsive-typography-calculated\" data-fontsize=\"20\" data-lineheight=\"30px\">Anbieterkennung gem\u00e4\u00df \u00a7 5, 6 DDG<\/p><\/h4><\/div><div class=\"fusion-text fusion-text-1\"><div class=\"inhalt_list\">\n<p class=\"fusion-responsive-typography-calculated\" data-fontsize=\"16\" data-lineheight=\"24px\"><strong>Kopp Verlag e.K.<\/strong><br \/>\nBertha-Benz-Str. 10,<br \/>\n72108 Rottenburg a. N.<br \/>\nDeutschland<\/p>\n<p class=\"fusion-responsive-typography-calculated\" data-fontsize=\"16\" data-lineheight=\"24px\">Telefon: (0049) 7472 98 06 10<br \/>\nTelefax: (0049) 7472 98 06 11<br \/>\neMail:\u00a0<a href=\"mailto:mystery@kopp-verlag.de\" target=\"_blank\" rel=\"noopener noreferrer\">mystery@kopp-verlag.de<\/a><\/p>\n<p class=\"fusion-responsive-typography-calculated\" data-fontsize=\"16\" data-lineheight=\"24px\">Gesch\u00e4ftsinhaber: Jochen Kopp<br \/>\nEinzelfirma, Sitz: Rottenburg a. N.<br \/>\nHandelsregister: Amtsgericht Stuttgart HRA 390319<br \/>\nUst-IdNr.: DE156795168<\/p>\n<\/div>\n<p class=\"fusion-responsive-typography-calculated\" data-fontsize=\"16\" data-lineheight=\"24px\">Verantwortlich f\u00fcr den Inhalt, V.i.S.d.P. gem\u00e4\u00df \u00a755 RSTV.: Jochen Kopp, Adresse wie vor.<\/p>\n<div class=\"inhalt_list\">\n<p class=\"fusion-responsive-typography-calculated\" data-fontsize=\"16\" data-lineheight=\"24px\"><span class=\"unterpunkt\">Soweit nicht anders vermerkt, liegt das Copyright \u00a9 2000 \u2013 2025 dieser Seiten beim Kopp Verlag.<\/span><\/p>\n<\/div>\n<\/div><style type=\"text\/css\">@media only screen and (max-width:1024px) {.fusion-title.fusion-title-3{margin-top:24px!important; margin-right:0px!important;margin-bottom:24px!important;margin-left:0px!important;}}@media only screen and (max-width:640px) {.fusion-title.fusion-title-3{margin-top:20px!important; margin-right:0px!important;margin-bottom:20px!important; margin-left:0px!important;}}<\/style><div class=\"fusion-title title fusion-title-3 fusion-sep-none fusion-title-text fusion-title-size-four\" style=\"margin-top:24px;margin-right:0px;margin-bottom:24px;margin-left:0px;\"><h4 class=\"title-heading-left fusion-responsive-typography-calculated\" style=\"margin:0;--fontSize:25;line-height:1.5;\"><p class=\"fusion-responsive-typography-calculated\" data-fontsize=\"18\" data-lineheight=\"27px\">Hinweise zur Streitbeilegung f\u00fcr Verbraucher<\/p><\/h4><\/div><div class=\"fusion-text fusion-text-2\"><div class=\"inhalt_list\">\n<p class=\"fusion-responsive-typography-calculated\" data-fontsize=\"16\" data-lineheight=\"24px\"><span class=\"unterpunkt\">Wir sind nicht bereit und nicht verpflichtet, an einem Streitbeilegungsverfahren vor einer Verbraucherschlichtungsstelle teilzunehmen.<\/span><\/p>\n<\/div>\n<\/div><style type=\"text\/css\">@media only screen and (max-width:1024px) {.fusion-title.fusion-title-4{margin-top:24px!important; margin-right:0px!important;margin-bottom:24px!important;margin-left:0px!important;}}@media only screen and (max-width:640px) {.fusion-title.fusion-title-4{margin-top:20px!important; margin-right:0px!important;margin-bottom:20px!important; margin-left:0px!important;}}<\/style><div class=\"fusion-title title fusion-title-4 fusion-sep-none fusion-title-text fusion-title-size-four\" style=\"margin-top:24px;margin-right:0px;margin-bottom:24px;margin-left:0px;\"><h4 class=\"title-heading-left fusion-responsive-typography-calculated\" style=\"margin:0;--fontSize:25;line-height:1.5;\"><p class=\"headline fusion-responsive-typography-calculated\" data-fontsize=\"16\" data-lineheight=\"24px\">Hinweis zu Beitr\u00e4gen und sonstigen Werken unserer Autoren<\/p><\/h4><\/div><div class=\"fusion-text fusion-text-3\"><div class=\"inhalt_list\">\n<p class=\"inhalt_list fusion-responsive-typography-calculated\" data-fontsize=\"16\" data-lineheight=\"24px\"><span class=\"unterpunkt\">Namentlich gekennzeichnete Beitr\u00e4ge und sonstige Werke geben die Meinung des jeweiligen Autors und nicht immer die Meinung des Kopp Verlags bzw. seines Inhabers wieder.<\/span><\/p>\n<\/div>\n<\/div><style type=\"text\/css\">@media only screen and (max-width:1024px) {.fusion-title.fusion-title-5{margin-top:24px!important; margin-right:0px!important;margin-bottom:24px!important;margin-left:0px!important;}}@media only screen and (max-width:640px) {.fusion-title.fusion-title-5{margin-top:20px!important; margin-right:0px!important;margin-bottom:20px!important; margin-left:0px!important;}}<\/style><div class=\"fusion-title title fusion-title-5 fusion-sep-none fusion-title-text fusion-title-size-four\" style=\"margin-top:24px;margin-right:0px;margin-bottom:24px;margin-left:0px;\"><h4 class=\"title-heading-left fusion-responsive-typography-calculated\" style=\"margin:0;--fontSize:25;line-height:1.5;\"><p class=\"headline fusion-responsive-typography-calculated\" data-fontsize=\"16\" data-lineheight=\"24px\">Urheber- und Kennzeichenrecht<\/p><\/h4><\/div><div class=\"fusion-text fusion-text-4\"><div class=\"inhalt_list\">\n<p class=\"inhalt_list fusion-responsive-typography-calculated\" data-fontsize=\"16\" data-lineheight=\"24px\"><span class=\"unterpunkt\">Auf unseren Seiten finden Sie Material, welches den Urheberrechten Dritter unterliegen kann. Unsere allgemeinen Copyright-Hinweise beziehen sich nur auf unsere Werke, nicht auf solche Materialien Dritter. Sie sind nur als Warnung zu verstehen, dass insgesamt Urheberechte bestehen, die von Besuchern und Nutzern zu beachten sind. Alle innerhalb des Internetangebotes genannten und ggf. durch Dritte gesch\u00fctzten Marken- und Warenzeichen unterliegen uneingeschr\u00e4nkt den Bestimmungen des jeweils g\u00fcltigen Kennzeichenrechts und den Besitzrechten der jeweiligen eingetragenen Eigent\u00fcmer. Allein aufgrund der blo\u00dfen Nennung ist nicht der Schluss zu ziehen, dass Markenzeichen nicht durch Rechte Dritter gesch\u00fctzt sind! Das Copyright f\u00fcr ver\u00f6ffentlichte, von uns oder in unserem Auftrag erstellter Objekte bleibt allein beim Anbieter der Seiten. Eine Vervielf\u00e4ltigung oder Verwendung solcher Grafiken, Tondokumente, Videosequenzen und Texte in anderen elektronischen oder gedruckten Publikationen ist ohne ausdr\u00fcckliche Zustimmung des Anbieters nicht gestattet.<\/span><\/p>\n<\/div>\n<\/div><\/div><style type=\"text\/css\">.fusion-body .fusion-builder-column-1{width:100% !important;margin-top : 0px;margin-bottom : 0px;}.fusion-builder-column-1 > .fusion-column-wrapper {padding-top : 0px !important;padding-right : 0px !important;margin-right : 1.92%;padding-bottom : 0px !important;padding-left : 0px !important;margin-left : 1.92%;}@media only screen and (max-width:1024px) {.fusion-body .fusion-builder-column-1{width:100% !important;}.fusion-builder-column-1 > .fusion-column-wrapper {margin-right : 1.92%;margin-left : 1.92%;}}@media only screen and (max-width:640px) {.fusion-body .fusion-builder-column-1{width:100% !important;}.fusion-builder-column-1 > .fusion-column-wrapper {margin-right : 1.92%;margin-left : 1.92%;}}<\/style><\/div><\/div><style type=\"text\/css\">.fusion-body .fusion-flex-container.fusion-builder-row-2{ padding-top : 0px;margin-top : 0px;padding-right : 0px;padding-bottom : 0px;margin-bottom : 0px;padding-left : 0px;}<\/style><\/div><\/p>\n","protected":false},"excerpt":{"rendered":"","protected":false},"author":1,"featured_media":0,"parent":0,"menu_order":0,"comment_status":"closed","ping_status":"closed","template":"","meta":{"footnotes":""},"class_list":["post-1205","page","type-page","status-publish","hentry"],"_links":{"self":[{"href":"https:\/\/www.mystery.eu\/index.php\/wp-json\/wp\/v2\/pages\/1205","targetHints":{"allow":["GET"]}}],"collection":[{"href":"https:\/\/www.mystery.eu\/index.php\/wp-json\/wp\/v2\/pages"}],"about":[{"href":"https:\/\/www.mystery.eu\/index.php\/wp-json\/wp\/v2\/types\/page"}],"author":[{"embeddable":true,"href":"https:\/\/www.mystery.eu\/index.php\/wp-json\/wp\/v2\/users\/1"}],"replies":[{"embeddable":true,"href":"https:\/\/www.mystery.eu\/index.php\/wp-json\/wp\/v2\/comments?post=1205"}],"version-history":[{"count":2,"href":"https:\/\/www.mystery.eu\/index.php\/wp-json\/wp\/v2\/pages\/1205\/revisions"}],"predecessor-version":[{"id":1877,"href":"https:\/\/www.mystery.eu\/index.php\/wp-json\/wp\/v2\/pages\/1205\/revisions\/1877"}],"wp:attachment":[{"href":"https:\/\/www.mystery.eu\/index.php\/wp-json\/wp\/v2\/media?parent=1205"}],"curies":[{"name":"wp","href":"https:\/\/api.w.org\/{rel}","templated":true}]}}