{"id":1309,"date":"2021-08-25T16:23:23","date_gmt":"2021-08-25T16:23:23","guid":{"rendered":"https:\/\/mystery.eu\/?page_id=1309"},"modified":"2021-08-26T09:18:10","modified_gmt":"2021-08-26T09:18:10","slug":"lieferung-und-zahlung","status":"publish","type":"page","link":"https:\/\/www.mystery.eu\/index.php\/lieferung-und-zahlung\/","title":{"rendered":"Lieferung-und-Zahlung"},"content":{"rendered":"<p><div class=\"fusion-fullwidth fullwidth-box fusion-builder-row-1 fusion-flex-container nonhundred-percent-fullwidth non-hundred-percent-height-scrolling\" style=\"background-color: rgba(255,255,255,0);background-position: center center;background-repeat: no-repeat;border-width: 0px 0px 0px 0px;border-color:#eae9e9;border-style:solid;\" ><div class=\"fusion-builder-row fusion-row fusion-flex-align-items-flex-start\" style=\"max-width:1216.8px;margin-left: calc(-4% \/ 2 );margin-right: calc(-4% \/ 2 );\"><div class=\"fusion-layout-column fusion_builder_column fusion-builder-column-0 fusion_builder_column_1_1 1_1 fusion-flex-column\"><div class=\"fusion-column-wrapper fusion-flex-justify-content-flex-start fusion-content-layout-column\" style=\"background-position:left top;background-repeat:no-repeat;-webkit-background-size:cover;-moz-background-size:cover;-o-background-size:cover;background-size:cover;padding: 0px 0px 0px 0px;\"><div ><span class=\" fusion-imageframe imageframe-none imageframe-1 hover-type-none\" style=\"max-width:100%;\"><a class=\"fusion-no-lightbox\" href=\"https:\/\/mystery.eu\/\" target=\"_self\" aria-label=\"mystery_head\"><img decoding=\"async\" width=\"1200\" height=\"402\" src=\"https:\/\/www.mystery.eu\/wp-content\/uploads\/2021\/08\/mystery_head.jpg\" data-orig-src=\"https:\/\/mystery.eu\/wp-content\/uploads\/2021\/08\/mystery_head.jpg\" class=\"lazyload img-responsive wp-image-1210\" srcset=\"data:image\/svg+xml,%3Csvg%20xmlns%3D%27http%3A%2F%2Fwww.w3.org%2F2000%2Fsvg%27%20width%3D%271200%27%20height%3D%27402%27%20viewBox%3D%270%200%201200%20402%27%3E%3Crect%20width%3D%271200%27%20height%3D%27402%27%20fill-opacity%3D%220%22%2F%3E%3C%2Fsvg%3E\" data-srcset=\"https:\/\/www.mystery.eu\/wp-content\/uploads\/2021\/08\/mystery_head-200x67.jpg 200w, https:\/\/www.mystery.eu\/wp-content\/uploads\/2021\/08\/mystery_head-400x134.jpg 400w, https:\/\/www.mystery.eu\/wp-content\/uploads\/2021\/08\/mystery_head-600x201.jpg 600w, https:\/\/www.mystery.eu\/wp-content\/uploads\/2021\/08\/mystery_head-800x268.jpg 800w, https:\/\/www.mystery.eu\/wp-content\/uploads\/2021\/08\/mystery_head.jpg 1200w\" data-sizes=\"auto\" data-orig-sizes=\"(max-width: 1024px) 100vw, (max-width: 640px) 100vw, 1200px\" \/><\/a><\/span><\/div><\/div><style type=\"text\/css\">.fusion-body .fusion-builder-column-0{width:100% !important;margin-top : 0px;margin-bottom : 0px;}.fusion-builder-column-0 > .fusion-column-wrapper {padding-top : 0px !important;padding-right : 0px !important;margin-right : 1.92%;padding-bottom : 0px !important;padding-left : 0px !important;margin-left : 1.92%;}@media only screen and (max-width:1024px) {.fusion-body .fusion-builder-column-0{width:100% !important;order : 0;}.fusion-builder-column-0 > .fusion-column-wrapper {margin-right : 1.92%;margin-left : 1.92%;}}@media only screen and (max-width:640px) {.fusion-body .fusion-builder-column-0{width:100% !important;order : 0;}.fusion-builder-column-0 > .fusion-column-wrapper {margin-right : 1.92%;margin-left : 1.92%;}}<\/style><\/div><\/div><style type=\"text\/css\">.fusion-body .fusion-flex-container.fusion-builder-row-1{ padding-top : 0px;margin-top : 0px;padding-right : 0px;padding-bottom : 0px;margin-bottom : 5%;padding-left : 0px;}<\/style><\/div>\n<div class=\"fusion-fullwidth fullwidth-box fusion-builder-row-2 fusion-flex-container nonhundred-percent-fullwidth non-hundred-percent-height-scrolling\" style=\"background-color: rgba(255,255,255,0);background-position: center center;background-repeat: no-repeat;border-width: 0px 0px 0px 0px;border-color:#eae9e9;border-style:solid;\" ><div class=\"fusion-builder-row fusion-row fusion-flex-align-items-flex-start\" style=\"max-width:1216.8px;margin-left: calc(-4% \/ 2 );margin-right: calc(-4% \/ 2 );\"><div class=\"fusion-layout-column fusion_builder_column fusion-builder-column-1 fusion_builder_column_1_1 1_1 fusion-flex-column\"><div class=\"fusion-column-wrapper fusion-flex-justify-content-flex-start fusion-content-layout-column\" style=\"background-position:left top;background-repeat:no-repeat;-webkit-background-size:cover;-moz-background-size:cover;-o-background-size:cover;background-size:cover;padding: 0px 0px 0px 0px;\"><div class=\"fusion-text fusion-text-1\"><p><strong>1. Lieferung<\/strong><\/p>\n<p>Die Lieferzeit innerhalb Deutschlands betr\u00e4gt 1 bis 3 Werktage. F\u00fcr Lieferungen in das europ\u00e4ische Ausland betr\u00e4gt die Lieferzeit 3 bis 4 Werktage. Die Lieferzeit in das au\u00dfereurop\u00e4ische Ausland betr\u00e4gt 8 Werktage. Die Lieferzeit verl\u00e4ngert sich angemessen, sofern die Lieferung durch Streikma\u00dfnahmen und Aussperrungen sowie weiteren von uns nicht zu vertretenden Umst\u00e4nden beeintr\u00e4chtigt wird, insbesondere in F\u00e4llen von Lieferverz\u00f6gerungen durch h\u00f6here Gewalt. Beginn und Ende derartiger Hindernisse werden wir dem K\u00e4ufer unverz\u00fcglich mitteilen<\/p>\n<p><strong>2. Zahlung<\/strong><\/p>\n<p>2.1\u00a0 Kauf auf Rechnung<br \/>\nDie Rechnungstellung erfolgt zusammen mit der Lieferung der ersten Ausgabe im Abonnement-Zeitraum. Nach Erhalt der Rechnung haben Sie 14 Tage Zeit, den Rechnungsbetrag auf unser Konto, welches auf der Rechnung angegeben ist, zu \u00fcberweisen. Wird das Abonnement zum Ende der Laufzeit nicht gek\u00fcndigt, erfolgt die Rechnungsstellung f\u00fcr das Folgejahr zusammen mit dem Zugang der ersten Ausgabe des neuen Vertragsjahres.<\/p>\n<p>2.2 Wir behalten uns vor, zur Erf\u00fcllung von gesetzlichen Identifizierungs- und \u00dcberpr\u00fcfungspflichten und\/oder aus Betrugspr\u00e4ventionsgr\u00fcnden vom K\u00e4ufer angemessene Nachweise zu seinen angegebenen Daten anzufordern, insbesondere solche Nachweise, die geeignet sind, seine Identit\u00e4t oder Feststellungen zum wirtschaftlich Berechtigten zu belegen. Bis zur Vorlage entsprechender Nachweise sind wir in diesen F\u00e4llen berechtigt, Leistungen zur\u00fcckzubehalten. Wirkt der Kunde nicht mit oder kann er keine geeigneten Belege vorweisen, sind wir berechtigt, ggf. nach erfolgloser Fristsetzung von einem geschlossenen Kaufvertrag zur\u00fcckzutreten. Der Kunde ist verpflichtet, wahrheitsgem\u00e4\u00dfe Angaben zu machen.<\/p>\n<\/div><\/div><style type=\"text\/css\">.fusion-body .fusion-builder-column-1{width:100% !important;margin-top : 0px;margin-bottom : 0px;}.fusion-builder-column-1 > .fusion-column-wrapper {padding-top : 0px !important;padding-right : 0px !important;margin-right : 1.92%;padding-bottom : 0px !important;padding-left : 0px !important;margin-left : 1.92%;}@media only screen and (max-width:1024px) {.fusion-body .fusion-builder-column-1{width:100% !important;order : 0;}.fusion-builder-column-1 > .fusion-column-wrapper {margin-right : 1.92%;margin-left : 1.92%;}}@media only screen and (max-width:640px) {.fusion-body .fusion-builder-column-1{width:100% !important;order : 0;}.fusion-builder-column-1 > .fusion-column-wrapper {margin-right : 1.92%;margin-left : 1.92%;}}<\/style><\/div><\/div><style type=\"text\/css\">.fusion-body .fusion-flex-container.fusion-builder-row-2{ padding-top : 0px;margin-top : 0px;padding-right : 0px;padding-bottom : 0px;margin-bottom : 0px;padding-left : 0px;}<\/style><\/div><\/p>\n","protected":false},"excerpt":{"rendered":"","protected":false},"author":1,"featured_media":0,"parent":0,"menu_order":0,"comment_status":"closed","ping_status":"closed","template":"","meta":{"footnotes":""},"class_list":["post-1309","page","type-page","status-publish","hentry"],"_links":{"self":[{"href":"https:\/\/www.mystery.eu\/index.php\/wp-json\/wp\/v2\/pages\/1309","targetHints":{"allow":["GET"]}}],"collection":[{"href":"https:\/\/www.mystery.eu\/index.php\/wp-json\/wp\/v2\/pages"}],"about":[{"href":"https:\/\/www.mystery.eu\/index.php\/wp-json\/wp\/v2\/types\/page"}],"author":[{"embeddable":true,"href":"https:\/\/www.mystery.eu\/index.php\/wp-json\/wp\/v2\/users\/1"}],"replies":[{"embeddable":true,"href":"https:\/\/www.mystery.eu\/index.php\/wp-json\/wp\/v2\/comments?post=1309"}],"version-history":[{"count":0,"href":"https:\/\/www.mystery.eu\/index.php\/wp-json\/wp\/v2\/pages\/1309\/revisions"}],"wp:attachment":[{"href":"https:\/\/www.mystery.eu\/index.php\/wp-json\/wp\/v2\/media?parent=1309"}],"curies":[{"name":"wp","href":"https:\/\/api.w.org\/{rel}","templated":true}]}}